{"id":10595,"date":"2026-03-20T11:51:49","date_gmt":"2026-03-20T10:51:49","guid":{"rendered":"https:\/\/www.kqcbw.de\/?page_id=10595"},"modified":"2026-03-30T17:03:24","modified_gmt":"2026-03-30T15:03:24","slug":"elementor-10595","status":"publish","type":"page","link":"https:\/\/www.kqcbw.de\/en\/elementor-10595\/","title":{"rendered":"Training program"},"content":{"rendered":"\t\t<div data-elementor-type=\"wp-page\" data-elementor-id=\"10595\" class=\"elementor elementor-10595\" data-elementor-post-type=\"page\">\n\t\t\t\t\t\t<section class=\"elementor-section elementor-top-section elementor-element elementor-element-95390bb elementor-section-boxed elementor-section-height-default elementor-section-height-default\" data-id=\"95390bb\" data-element_type=\"section\" data-e-type=\"section\">\n\t\t\t\t\t\t<div class=\"elementor-container elementor-column-gap-default\">\n\t\t\t\t\t<div class=\"elementor-column elementor-col-100 elementor-top-column elementor-element elementor-element-dd57d15\" data-id=\"dd57d15\" data-element_type=\"column\" data-e-type=\"column\">\n\t\t\t<div class=\"elementor-widget-wrap elementor-element-populated\">\n\t\t\t\t\t\t<div class=\"elementor-element elementor-element-b61c798 elementor-widget__width-initial elementor-widget elementor-widget-text-editor\" data-id=\"b61c798\" data-element_type=\"widget\" data-e-type=\"widget\" data-widget_type=\"text-editor.default\">\n\t\t\t\t<div class=\"elementor-widget-container\">\n\t\t\t\t\t\t\t\t\t<h1>Kompetenzaufbau im Quantencomputing: Qualifizierungsangebote f\u00fcr Industrie, Forschung und Politik<\/h1>\t\t\t\t\t\t\t\t<\/div>\n\t\t\t\t<\/div>\n\t\t\t\t<div class=\"elementor-element elementor-element-46e9579 elementor-widget elementor-widget-text-editor\" data-id=\"46e9579\" data-element_type=\"widget\" data-e-type=\"widget\" data-widget_type=\"text-editor.default\">\n\t\t\t\t<div class=\"elementor-widget-container\">\n\t\t\t\t\t\t\t\t\t<p>Im Kompetenzzentrum Quantencomputing Baden-W\u00fcrttemberg bieten wir praxisnahe Trainingsformate rund um Quantencomputing an \u2013 von Grundlagen \u00fcber Hardware und Algorithmik bis hin zu Anwendungen in der Industrie. Unsere Formate richten sich je nach Angebot an Entscheider:innen aus Unternehmen und Politik, Entwickler:innen und technische Fachkr\u00e4fte aus der Industrie sowie Forschende und Forschungsnachwuchs aus Hochschulen und Universit\u00e4ten.\u00a0<\/p>\t\t\t\t\t\t\t\t<\/div>\n\t\t\t\t<\/div>\n\t\t\t\t<div class=\"elementor-element elementor-element-0b53a22 elementor-widget elementor-widget-text-editor\" data-id=\"0b53a22\" data-element_type=\"widget\" data-e-type=\"widget\" data-widget_type=\"text-editor.default\">\n\t\t\t\t<div class=\"elementor-widget-container\">\n\t\t\t\t\t\t\t\t\t<h2 id=\"teaser-qc-compact-quantum-computing-basics-and-app\" class=\"font-editorial font-bold mb-2 mt-4 [.has-inline-images_&amp;]:clear-end text-lg first:mt-0 md:text-lg [hr+&amp;]:mt-4\">QC Compact: Quantum Computing Basics and Applications<\/h2><p>Das eint\u00e4gige Training <em>QC Compact<\/em> bietet einen kompakten Einstieg in die Welt des Quantencomputings: In einem eint\u00e4gigen Seminar erhalten die Teilnehmenden einen \u00dcberblick \u00fcber die wichtigsten Quanten\u00adtechnologien, den aktuellen Innovations- und Akteurs\u00adkosmos sowie zentrale Anwendungsszenarien. Vormittags werden Grundlagen wie der Unterschied zwischen klassischen und Quantencomputern, Qubits, Superposition und einfache Quantenalgorithmen vermittelt; optional k\u00f6nnen die Teilnehmenden am Nachmittag verschiedene Systemarchitekturen kennenlernen und im Quantum Lab die Ph\u00e4nomene der Quantenwelt hautnah erleben.<\/p><h3><strong>Termine:<\/strong> <br \/>29.04.2026, 9:00 &#8211; 15:00 Uhr\u00a0<br \/>03.11.2026, 9:00 &#8211; 15:00 Uhr in Stuttgart\u00a0<\/h3>\t\t\t\t\t\t\t\t<\/div>\n\t\t\t\t<\/div>\n\t\t\t\t<div class=\"elementor-element elementor-element-9ee330c elementor-widget elementor-widget-button\" data-id=\"9ee330c\" data-element_type=\"widget\" data-e-type=\"widget\" data-widget_type=\"button.default\">\n\t\t\t\t<div class=\"elementor-widget-container\">\n\t\t\t\t\t\t\t\t\t<div class=\"elementor-button-wrapper\">\n\t\t\t\t\t<a class=\"elementor-button elementor-button-link elementor-size-sm\" href=\"https:\/\/www.iao.fraunhofer.de\/en\/events-calendar\/qc-compact-quantum-computing-basics-and-applications-apr.html\" target=\"_blank\">\n\t\t\t\t\t\t<span class=\"elementor-button-content-wrapper\">\n\t\t\t\t\t\t\t\t\t<span class=\"elementor-button-text\">Zur Anmeldung<\/span>\n\t\t\t\t\t<\/span>\n\t\t\t\t\t<\/a>\n\t\t\t\t<\/div>\n\t\t\t\t\t\t\t\t<\/div>\n\t\t\t\t<\/div>\n\t\t\t\t<div class=\"elementor-element elementor-element-ee0db74 elementor-widget-divider--view-line elementor-widget elementor-widget-divider\" data-id=\"ee0db74\" data-element_type=\"widget\" data-e-type=\"widget\" data-widget_type=\"divider.default\">\n\t\t\t\t<div class=\"elementor-widget-container\">\n\t\t\t\t\t\t\t<div class=\"elementor-divider\">\n\t\t\t<span class=\"elementor-divider-separator\">\n\t\t\t\t\t\t<\/span>\n\t\t<\/div>\n\t\t\t\t\t\t<\/div>\n\t\t\t\t<\/div>\n\t\t\t\t<div class=\"elementor-element elementor-element-e4f1464 elementor-widget elementor-widget-text-editor\" data-id=\"e4f1464\" data-element_type=\"widget\" data-e-type=\"widget\" data-widget_type=\"text-editor.default\">\n\t\t\t\t<div class=\"elementor-widget-container\">\n\t\t\t\t\t\t\t\t\t<h2 id=\"teaser-quantum-computing-industry-training\" class=\"font-editorial font-bold mb-2 mt-4 [.has-inline-images_&amp;]:clear-end text-lg first:mt-0 md:text-lg [hr+&amp;]:mt-4\">Quantum Computing Industry Training<\/h2>\t\t\t\t\t\t\t\t<\/div>\n\t\t\t\t<\/div>\n\t\t\t\t<div class=\"elementor-element elementor-element-feac39a elementor-widget elementor-widget-text-editor\" data-id=\"feac39a\" data-element_type=\"widget\" data-e-type=\"widget\" data-widget_type=\"text-editor.default\">\n\t\t\t\t<div class=\"elementor-widget-container\">\n\t\t\t\t\t\t\t\t\t<p>Das <em>Quantum Computing Industry Training<\/em> ist ein dreit\u00e4giges Intensivtraining, das technische Fachkr\u00e4fte aus der Industrie von \u201eQuantum Awareness\u201c zu echter \u201eQuantum Readiness\u201c f\u00fchrt. In vier Modulen \u2013 Grundlagen, Hardware, Algorithmik und Anwendungen \u2013 erarbeiten die Teilnehmenden vertiefte, praxisorientierte Kenntnisse, lernen unterschiedliche Quantenhardware-Plattformen und Software-Stacks kennen, implementieren einfache Quantenalgorithmen und \u00fcbertragen konkrete industrielle Fragestellungen aus Bereichen wie Logistik, Finanzen, Chemie oder Fertigung in quantengeeignete Problemformulierungen und Proof-of-Concepts.<\/p><h3>Termine:\u00a0<br \/>06. &#8211; 08.05.2026, 09:00 &#8211; 17:00 Uhr\u00a0<br \/>11. &#8211; 13.11.2026, 09:00 &#8211; 17:00 Uhr in Stuttgart\u00a0<\/h3>\t\t\t\t\t\t\t\t<\/div>\n\t\t\t\t<\/div>\n\t\t\t\t\t<\/div>\n\t\t<\/div>\n\t\t\t\t\t<\/div>\n\t\t<\/section>\n\t\t\t\t<section class=\"elementor-section elementor-top-section elementor-element elementor-element-af56fc8 elementor-section-boxed elementor-section-height-default elementor-section-height-default\" data-id=\"af56fc8\" data-element_type=\"section\" data-e-type=\"section\">\n\t\t\t\t\t\t<div class=\"elementor-container elementor-column-gap-default\">\n\t\t\t\t\t<div class=\"elementor-column elementor-col-100 elementor-top-column elementor-element elementor-element-214ede9\" data-id=\"214ede9\" data-element_type=\"column\" data-e-type=\"column\">\n\t\t\t<div class=\"elementor-widget-wrap elementor-element-populated\">\n\t\t\t\t\t\t<div class=\"elementor-element elementor-element-0ea0450 elementor-widget elementor-widget-button\" data-id=\"0ea0450\" data-element_type=\"widget\" data-e-type=\"widget\" data-widget_type=\"button.default\">\n\t\t\t\t<div class=\"elementor-widget-container\">\n\t\t\t\t\t\t\t\t\t<div class=\"elementor-button-wrapper\">\n\t\t\t\t\t<a class=\"elementor-button elementor-button-link elementor-size-sm\" href=\"https:\/\/www.iao.fraunhofer.de\/en\/events-calendar\/quantum-computing-industry-training-may.html\" target=\"_blank\">\n\t\t\t\t\t\t<span class=\"elementor-button-content-wrapper\">\n\t\t\t\t\t\t\t\t\t<span class=\"elementor-button-text\">Zur Anmeldung<\/span>\n\t\t\t\t\t<\/span>\n\t\t\t\t\t<\/a>\n\t\t\t\t<\/div>\n\t\t\t\t\t\t\t\t<\/div>\n\t\t\t\t<\/div>\n\t\t\t\t\t<\/div>\n\t\t<\/div>\n\t\t\t\t\t<\/div>\n\t\t<\/section>\n\t\t\t\t<section class=\"elementor-section elementor-top-section elementor-element elementor-element-519a668 elementor-section-boxed elementor-section-height-default elementor-section-height-default\" data-id=\"519a668\" data-element_type=\"section\" data-e-type=\"section\">\n\t\t\t\t\t\t<div class=\"elementor-container elementor-column-gap-default\">\n\t\t\t\t\t<div class=\"elementor-column elementor-col-100 elementor-top-column elementor-element elementor-element-539db1e\" data-id=\"539db1e\" data-element_type=\"column\" data-e-type=\"column\">\n\t\t\t<div class=\"elementor-widget-wrap elementor-element-populated\">\n\t\t\t\t\t\t<div class=\"elementor-element elementor-element-bfa776e elementor-widget-divider--view-line elementor-widget elementor-widget-divider\" data-id=\"bfa776e\" data-element_type=\"widget\" data-e-type=\"widget\" data-widget_type=\"divider.default\">\n\t\t\t\t<div class=\"elementor-widget-container\">\n\t\t\t\t\t\t\t<div class=\"elementor-divider\">\n\t\t\t<span class=\"elementor-divider-separator\">\n\t\t\t\t\t\t<\/span>\n\t\t<\/div>\n\t\t\t\t\t\t<\/div>\n\t\t\t\t<\/div>\n\t\t\t\t<div class=\"elementor-element elementor-element-446b068 elementor-widget__width-initial elementor-widget elementor-widget-text-editor\" data-id=\"446b068\" data-element_type=\"widget\" data-e-type=\"widget\" data-widget_type=\"text-editor.default\">\n\t\t\t\t<div class=\"elementor-widget-container\">\n\t\t\t\t\t\t\t\t\t<h3>Eine vollst\u00e4ndige <a href=\"https:\/\/www.digital.iao.fraunhofer.de\/de\/leistungen\/Quantencomputing\/Schulungsangebot_Quantencomputing.html\" target=\"_blank\" rel=\"noopener\">\u00dcbersicht unserer Trainingsformate<\/a> und aller aktuellen Termine finden Sie hier.<\/h3>\t\t\t\t\t\t\t\t<\/div>\n\t\t\t\t<\/div>\n\t\t\t\t\t<\/div>\n\t\t<\/div>\n\t\t\t\t\t<\/div>\n\t\t<\/section>\n\t\t\t\t<\/div>\n\t\t","protected":false},"excerpt":{"rendered":"<p>Kompetenzaufbau im Quantencomputing: Qualifizierungsangebote f\u00fcr Industrie, Forschung und Politik Im Kompetenzzentrum Quantencomputing Baden-W\u00fcrttemberg bieten wir praxisnahe Trainingsformate rund um Quantencomputing an \u2013 von Grundlagen \u00fcber Hardware und Algorithmik bis hin zu Anwendungen in der Industrie. Unsere Formate richten sich je nach Angebot an Entscheider:innen aus Unternehmen und Politik, Entwickler:innen und technische Fachkr\u00e4fte aus der Industrie &hellip; <\/p>\n<p class=\"link-more\"><a href=\"https:\/\/www.kqcbw.de\/en\/elementor-10595\/\" class=\"more-link\">Read more<span class=\"screen-reader-text\"> &#8222;Trainingsformate&#8220;<\/span><\/a><\/p>","protected":false},"author":9,"featured_media":0,"parent":0,"menu_order":0,"comment_status":"closed","ping_status":"closed","template":"","meta":{"footnotes":""},"class_list":["post-10595","page","type-page","status-publish","hentry"],"featured_media_urls":[],"_links":{"self":[{"href":"https:\/\/www.kqcbw.de\/en\/wp-json\/wp\/v2\/pages\/10595","targetHints":{"allow":["GET"]}}],"collection":[{"href":"https:\/\/www.kqcbw.de\/en\/wp-json\/wp\/v2\/pages"}],"about":[{"href":"https:\/\/www.kqcbw.de\/en\/wp-json\/wp\/v2\/types\/page"}],"author":[{"embeddable":true,"href":"https:\/\/www.kqcbw.de\/en\/wp-json\/wp\/v2\/users\/9"}],"replies":[{"embeddable":true,"href":"https:\/\/www.kqcbw.de\/en\/wp-json\/wp\/v2\/comments?post=10595"}],"version-history":[{"count":12,"href":"https:\/\/www.kqcbw.de\/en\/wp-json\/wp\/v2\/pages\/10595\/revisions"}],"predecessor-version":[{"id":10617,"href":"https:\/\/www.kqcbw.de\/en\/wp-json\/wp\/v2\/pages\/10595\/revisions\/10617"}],"wp:attachment":[{"href":"https:\/\/www.kqcbw.de\/en\/wp-json\/wp\/v2\/media?parent=10595"}],"curies":[{"name":"wp","href":"https:\/\/api.w.org\/{rel}","templated":true}]}}