{"id":2196,"date":"2023-11-13T15:33:48","date_gmt":"2023-11-13T14:33:48","guid":{"rendered":"https:\/\/websites.fraunhofer.de\/sequoia\/?page_id=2196"},"modified":"2025-11-21T16:01:20","modified_gmt":"2025-11-21T15:01:20","slug":"ueber-das-projekt-sequoia-end-to-end-2","status":"publish","type":"page","link":"https:\/\/www.kqcbw.de\/en\/","title":{"rendered":"About the project"},"content":{"rendered":"<div data-elementor-type=\"wp-page\" data-elementor-id=\"2196\" class=\"elementor elementor-2196\" data-elementor-post-type=\"page\">\n\t\t\t\t\t\t<section class=\"elementor-section elementor-top-section elementor-element elementor-element-fd2de21 elementor-section-boxed elementor-section-height-default elementor-section-height-default\" data-id=\"fd2de21\" data-element_type=\"section\" data-e-type=\"section\">\n\t\t\t\t\t\t<div class=\"elementor-container elementor-column-gap-default\">\n\t\t\t\t\t<div class=\"elementor-column elementor-col-100 elementor-top-column elementor-element elementor-element-0bd5bfe\" data-id=\"0bd5bfe\" data-element_type=\"column\" data-e-type=\"column\">\n\t\t\t<div class=\"elementor-widget-wrap elementor-element-populated\">\n\t\t\t\t\t\t<div class=\"elementor-element elementor-element-cdf9019 elementor-widget elementor-widget-spacer\" data-id=\"cdf9019\" data-element_type=\"widget\" data-e-type=\"widget\" data-widget_type=\"spacer.default\">\n\t\t\t\t<div class=\"elementor-widget-container\">\n\t\t\t\t\t\t\t<div class=\"elementor-spacer\">\n\t\t\t<div class=\"elementor-spacer-inner\"><\/div>\n\t\t<\/div>\n\t\t\t\t\t\t<\/div>\n\t\t\t\t<\/div>\n\t\t\t\t<div class=\"elementor-element elementor-element-4caa91a elementor-widget elementor-widget-text-editor\" data-id=\"4caa91a\" data-element_type=\"widget\" data-e-type=\"widget\" data-widget_type=\"text-editor.default\">\n\t\t\t\t<div class=\"elementor-widget-container\">\n\t\t\t\t\t\t\t\t\t<p><span style=\"font-family: FrutigerLTW02, 'Helvetica Neue', Helvetica, Arial, sans-serif; font-size: 16.8px;\">At KQCBW, several Fraunhofer Institutes and research partners from politics, science, and industry are pooling their expertise for the development and application of quantum computers for research, education, development, services, and production. In doing so, they are addressing the sectors that are particularly important in Baden-W\u00fcrttemberg: information technology, medical technology, chemistry, finance, mechanical engineering, production, automotive, and logistics. As part of the QuantumBW state initiative office, the KQCBW is also actively involved in expanding Baden-W\u00fcrttemberg as a center for quantum technology.<\/span><\/p>\t\t\t\t\t\t\t\t<\/div>\n\t\t\t\t<\/div>\n\t\t\t\t<div class=\"elementor-element elementor-element-abc930d elementor-align-center elementor-widget elementor-widget-button\" data-id=\"abc930d\" data-element_type=\"widget\" data-e-type=\"widget\" data-widget_type=\"button.default\">\n\t\t\t\t<div class=\"elementor-widget-container\">\n\t\t\t\t\t\t\t\t\t<div class=\"elementor-button-wrapper\">\n\t\t\t\t\t<a class=\"elementor-button elementor-button-link elementor-size-sm\" href=\"https:\/\/www.quantumbw.de\/de\/\" target=\"_blank\">\n\t\t\t\t\t\t<span class=\"elementor-button-content-wrapper\">\n\t\t\t\t\t\t\t\t\t<span class=\"elementor-button-text\">State Initiative QuantumBW<\/span>\n\t\t\t\t\t<\/span>\n\t\t\t\t\t<\/a>\n\t\t\t\t<\/div>\n\t\t\t\t\t\t\t\t<\/div>\n\t\t\t\t<\/div>\n\t\t\t\t<div class=\"elementor-element elementor-element-78385bc elementor-widget elementor-widget-spacer\" data-id=\"78385bc\" data-element_type=\"widget\" data-e-type=\"widget\" data-widget_type=\"spacer.default\">\n\t\t\t\t<div class=\"elementor-widget-container\">\n\t\t\t\t\t\t\t<div class=\"elementor-spacer\">\n\t\t\t<div class=\"elementor-spacer-inner\"><\/div>\n\t\t<\/div>\n\t\t\t\t\t\t<\/div>\n\t\t\t\t<\/div>\n\t\t\t\t<div class=\"elementor-element elementor-element-0ea364a elementor-widget elementor-widget-text-editor\" data-id=\"0ea364a\" data-element_type=\"widget\" data-e-type=\"widget\" data-widget_type=\"text-editor.default\">\n\t\t\t\t<div class=\"elementor-widget-container\">\n\t\t\t\t\t\t\t\t\t<h3><span style=\"color: #ffffff;\">Research at KQCBW covers both quantum computing hardware and software and includes the following focus areas:\u00a0<\/span><\/h3>\t\t\t\t\t\t\t\t<\/div>\n\t\t\t\t<\/div>\n\t\t\t\t\t<\/div>\n\t\t<\/div>\n\t\t\t\t\t<\/div>\n\t\t<\/section>\n\t\t\t\t<section class=\"elementor-section elementor-top-section elementor-element elementor-element-3d3db36 elementor-section-boxed elementor-section-height-default elementor-section-height-default\" data-id=\"3d3db36\" data-element_type=\"section\" data-e-type=\"section\">\n\t\t\t\t\t\t<div class=\"elementor-container elementor-column-gap-default\">\n\t\t\t\t\t<div class=\"elementor-column elementor-col-20 elementor-top-column elementor-element elementor-element-280d6ab\" data-id=\"280d6ab\" data-element_type=\"column\" data-e-type=\"column\">\n\t\t\t<div class=\"elementor-widget-wrap elementor-element-populated\">\n\t\t\t\t\t\t<div class=\"elementor-element elementor-element-6d5d936 elementor-widget__width-initial elementor-widget-tablet__width-initial elementor-view-default elementor-position-block-start elementor-mobile-position-block-start elementor-widget elementor-widget-icon-box\" data-id=\"6d5d936\" data-element_type=\"widget\" data-e-type=\"widget\" data-widget_type=\"icon-box.default\">\n\t\t\t\t<div class=\"elementor-widget-container\">\n\t\t\t\t\t\t\t<div class=\"elementor-icon-box-wrapper\">\n\n\t\t\t\t\t\t<div class=\"elementor-icon-box-icon\">\n\t\t\t\t<span  class=\"elementor-icon\">\n\t\t\t\t<i aria-hidden=\"true\" class=\"fas fa-cloud\"><\/i>\t\t\t\t<\/span>\n\t\t\t<\/div>\n\t\t\t\n\t\t\t\t\t\t<div class=\"elementor-icon-box-content\">\n\n\t\t\t\t\t\t\t\t\t<h3 class=\"elementor-icon-box-title\">\n\t\t\t\t\t\t<span  >\n\t\t\t\t\t\t\tKQCBW \nQuantum Cloud\t\t\t\t\t\t<\/span>\n\t\t\t\t\t<\/h3>\n\t\t\t\t\n\t\t\t\t\n\t\t\t<\/div>\n\t\t\t\n\t\t<\/div>\n\t\t\t\t\t\t<\/div>\n\t\t\t\t<\/div>\n\t\t\t\t\t<\/div>\n\t\t<\/div>\n\t\t\t\t<div class=\"elementor-column elementor-col-20 elementor-top-column elementor-element elementor-element-4824ef6\" data-id=\"4824ef6\" data-element_type=\"column\" data-e-type=\"column\">\n\t\t\t<div class=\"elementor-widget-wrap elementor-element-populated\">\n\t\t\t\t\t\t<div class=\"elementor-element elementor-element-ed1533a elementor-widget-tablet__width-initial elementor-view-default elementor-position-block-start elementor-mobile-position-block-start elementor-widget elementor-widget-icon-box\" data-id=\"ed1533a\" data-element_type=\"widget\" data-e-type=\"widget\" data-widget_type=\"icon-box.default\">\n\t\t\t\t<div class=\"elementor-widget-container\">\n\t\t\t\t\t\t\t<div class=\"elementor-icon-box-wrapper\">\n\n\t\t\t\t\t\t<div class=\"elementor-icon-box-icon\">\n\t\t\t\t<span  class=\"elementor-icon\">\n\t\t\t\t<i aria-hidden=\"true\" class=\"far fa-chart-bar\"><\/i>\t\t\t\t<\/span>\n\t\t\t<\/div>\n\t\t\t\n\t\t\t\t\t\t<div class=\"elementor-icon-box-content\">\n\n\t\t\t\t\t\t\t\t\t<h3 class=\"elementor-icon-box-title\">\n\t\t\t\t\t\t<span  >\n\t\t\t\t\t\t\tHardware Benchmarking\t\t\t\t\t\t<\/span>\n\t\t\t\t\t<\/h3>\n\t\t\t\t\n\t\t\t\t\n\t\t\t<\/div>\n\t\t\t\n\t\t<\/div>\n\t\t\t\t\t\t<\/div>\n\t\t\t\t<\/div>\n\t\t\t\t\t<\/div>\n\t\t<\/div>\n\t\t\t\t<div class=\"elementor-column elementor-col-20 elementor-top-column elementor-element elementor-element-66a247c\" data-id=\"66a247c\" data-element_type=\"column\" data-e-type=\"column\">\n\t\t\t<div class=\"elementor-widget-wrap elementor-element-populated\">\n\t\t\t\t\t\t<div class=\"elementor-element elementor-element-dd8979f elementor-widget-tablet__width-initial elementor-view-default elementor-position-block-start elementor-mobile-position-block-start elementor-widget elementor-widget-icon-box\" data-id=\"dd8979f\" data-element_type=\"widget\" data-e-type=\"widget\" data-widget_type=\"icon-box.default\">\n\t\t\t\t<div class=\"elementor-widget-container\">\n\t\t\t\t\t\t\t<div class=\"elementor-icon-box-wrapper\">\n\n\t\t\t\t\t\t<div class=\"elementor-icon-box-icon\">\n\t\t\t\t<span  class=\"elementor-icon\">\n\t\t\t\t<i aria-hidden=\"true\" class=\"fas fa-first-aid\"><\/i>\t\t\t\t<\/span>\n\t\t\t<\/div>\n\t\t\t\n\t\t\t\t\t\t<div class=\"elementor-icon-box-content\">\n\n\t\t\t\t\t\t\t\t\t<h3 class=\"elementor-icon-box-title\">\n\t\t\t\t\t\t<span  >\n\t\t\t\t\t\t\tError Mitigation and Quantum<br>\nError Correction\t\t\t\t\t\t<\/span>\n\t\t\t\t\t<\/h3>\n\t\t\t\t\n\t\t\t\t\n\t\t\t<\/div>\n\t\t\t\n\t\t<\/div>\n\t\t\t\t\t\t<\/div>\n\t\t\t\t<\/div>\n\t\t\t\t\t<\/div>\n\t\t<\/div>\n\t\t\t\t<div class=\"elementor-column elementor-col-20 elementor-top-column elementor-element elementor-element-8ca5b43\" data-id=\"8ca5b43\" data-element_type=\"column\" data-e-type=\"column\">\n\t\t\t<div class=\"elementor-widget-wrap elementor-element-populated\">\n\t\t\t\t\t\t<div class=\"elementor-element elementor-element-4c4b81a elementor-widget-tablet__width-initial elementor-view-default elementor-position-block-start elementor-mobile-position-block-start elementor-widget elementor-widget-icon-box\" data-id=\"4c4b81a\" data-element_type=\"widget\" data-e-type=\"widget\" data-widget_type=\"icon-box.default\">\n\t\t\t\t<div class=\"elementor-widget-container\">\n\t\t\t\t\t\t\t<div class=\"elementor-icon-box-wrapper\">\n\n\t\t\t\t\t\t<div class=\"elementor-icon-box-icon\">\n\t\t\t\t<span  class=\"elementor-icon\">\n\t\t\t\t<i aria-hidden=\"true\" class=\"fas fa-laptop-code\"><\/i>\t\t\t\t<\/span>\n\t\t\t<\/div>\n\t\t\t\n\t\t\t\t\t\t<div class=\"elementor-icon-box-content\">\n\n\t\t\t\t\t\t\t\t\t<h3 class=\"elementor-icon-box-title\">\n\t\t\t\t\t\t<span  >\n\t\t\t\t\t\t\tAlgorithms for quantum chemistry and materials science<br>\n\t\t\t\t\t\t<\/span>\n\t\t\t\t\t<\/h3>\n\t\t\t\t\n\t\t\t\t\n\t\t\t<\/div>\n\t\t\t\n\t\t<\/div>\n\t\t\t\t\t\t<\/div>\n\t\t\t\t<\/div>\n\t\t\t\t\t<\/div>\n\t\t<\/div>\n\t\t\t\t<div class=\"elementor-column elementor-col-20 elementor-top-column elementor-element elementor-element-aa0981f\" data-id=\"aa0981f\" data-element_type=\"column\" data-e-type=\"column\">\n\t\t\t<div class=\"elementor-widget-wrap elementor-element-populated\">\n\t\t\t\t\t\t<div class=\"elementor-element elementor-element-67770be elementor-widget-tablet__width-initial elementor-view-default elementor-position-block-start elementor-mobile-position-block-start elementor-widget elementor-widget-icon-box\" data-id=\"67770be\" data-element_type=\"widget\" data-e-type=\"widget\" data-widget_type=\"icon-box.default\">\n\t\t\t\t<div class=\"elementor-widget-container\">\n\t\t\t\t\t\t\t<div class=\"elementor-icon-box-wrapper\">\n\n\t\t\t\t\t\t<div class=\"elementor-icon-box-icon\">\n\t\t\t\t<span  class=\"elementor-icon\">\n\t\t\t\t<i aria-hidden=\"true\" class=\"fas fa-search\"><\/i>\t\t\t\t<\/span>\n\t\t\t<\/div>\n\t\t\t\n\t\t\t\t\t\t<div class=\"elementor-icon-box-content\">\n\n\t\t\t\t\t\t\t\t\t<h3 class=\"elementor-icon-box-title\">\n\t\t\t\t\t\t<span  >\n\t\t\t\t\t\t\tAnalysis of business relevant applications\t\t\t\t\t\t<\/span>\n\t\t\t\t\t<\/h3>\n\t\t\t\t\n\t\t\t\t\n\t\t\t<\/div>\n\t\t\t\n\t\t<\/div>\n\t\t\t\t\t\t<\/div>\n\t\t\t\t<\/div>\n\t\t\t\t\t<\/div>\n\t\t<\/div>\n\t\t\t\t\t<\/div>\n\t\t<\/section>\n\t\t\t\t<section class=\"elementor-section elementor-top-section elementor-element elementor-element-e068f52 elementor-section-boxed elementor-section-height-default elementor-section-height-default\" data-id=\"e068f52\" data-element_type=\"section\" data-e-type=\"section\">\n\t\t\t\t\t\t<div class=\"elementor-container elementor-column-gap-default\">\n\t\t\t\t\t<div class=\"elementor-column elementor-col-100 elementor-top-column elementor-element elementor-element-556724a\" data-id=\"556724a\" data-element_type=\"column\" data-e-type=\"column\">\n\t\t\t<div class=\"elementor-widget-wrap elementor-element-populated\">\n\t\t\t\t\t\t<div class=\"elementor-element elementor-element-c7d2375 elementor-widget-tablet__width-initial elementor-widget-mobile__width-inherit elementor-view-default elementor-position-block-start elementor-mobile-position-block-start elementor-widget elementor-widget-icon-box\" data-id=\"c7d2375\" data-element_type=\"widget\" data-e-type=\"widget\" data-widget_type=\"icon-box.default\">\n\t\t\t\t<div class=\"elementor-widget-container\">\n\t\t\t\t\t\t\t<div class=\"elementor-icon-box-wrapper\">\n\n\t\t\t\t\t\t<div class=\"elementor-icon-box-icon\">\n\t\t\t\t<a href=\"https:\/\/www.digital.iao.fraunhofer.de\/de\/leistungen\/Quantencomputing\/Schulungsangebot_Quantencomputing.html\" class=\"elementor-icon\" tabindex=\"-1\" aria-label=\"Customized Knowledge Transfer\">\n\t\t\t\t<i aria-hidden=\"true\" class=\"fas fa-graduation-cap\"><\/i>\t\t\t\t<\/a>\n\t\t\t<\/div>\n\t\t\t\n\t\t\t\t\t\t<div class=\"elementor-icon-box-content\">\n\n\t\t\t\t\t\t\t\t\t<h3 class=\"elementor-icon-box-title\">\n\t\t\t\t\t\t<a href=\"https:\/\/www.digital.iao.fraunhofer.de\/de\/leistungen\/Quantencomputing\/Schulungsangebot_Quantencomputing.html\" >\n\t\t\t\t\t\t\tCustomized Knowledge Transfer\t\t\t\t\t\t<\/a>\n\t\t\t\t\t<\/h3>\n\t\t\t\t\n\t\t\t\t\n\t\t\t<\/div>\n\t\t\t\n\t\t<\/div>\n\t\t\t\t\t\t<\/div>\n\t\t\t\t<\/div>\n\t\t\t\t\t<\/div>\n\t\t<\/div>\n\t\t\t\t\t<\/div>\n\t\t<\/section>\n\t\t\t\t<section class=\"elementor-section elementor-top-section elementor-element elementor-element-6c0c772 elementor-section-boxed elementor-section-height-default elementor-section-height-default\" data-id=\"6c0c772\" data-element_type=\"section\" data-e-type=\"section\">\n\t\t\t\t\t\t<div class=\"elementor-container elementor-column-gap-default\">\n\t\t\t\t\t<div class=\"elementor-column elementor-col-100 elementor-top-column elementor-element elementor-element-1ac2e91\" data-id=\"1ac2e91\" data-element_type=\"column\" data-e-type=\"column\">\n\t\t\t<div class=\"elementor-widget-wrap elementor-element-populated\">\n\t\t\t\t\t\t<div class=\"elementor-element elementor-element-5a0cc9a elementor-widget elementor-widget-spacer\" data-id=\"5a0cc9a\" data-element_type=\"widget\" data-e-type=\"widget\" data-widget_type=\"spacer.default\">\n\t\t\t\t<div class=\"elementor-widget-container\">\n\t\t\t\t\t\t\t<div class=\"elementor-spacer\">\n\t\t\t<div class=\"elementor-spacer-inner\"><\/div>\n\t\t<\/div>\n\t\t\t\t\t\t<\/div>\n\t\t\t\t<\/div>\n\t\t\t\t<div class=\"elementor-element elementor-element-3990036 elementor-widget elementor-widget-text-editor\" data-id=\"3990036\" data-element_type=\"widget\" data-e-type=\"widget\" data-widget_type=\"text-editor.default\">\n\t\t\t\t<div class=\"elementor-widget-container\">\n\t\t\t\t\t\t\t\t\t<p><span style=\"color: #ffffff; font-family: FrutigerLTW02, 'Helvetica Neue', Helvetica, Arial, sans-serif; font-size: 16.8px;\">Harnessing the potential of quantum computers and achieving a real advantage for practical applications \u2013 this goal is being pursued worldwide. In Baden-W\u00fcrttemberg, the \u201cCompetence Center for Quantum Computing Baden-W\u00fcrttemberg\u201d (KQCBW) has been committed to this goal for the past four years. Successful joint projects have led to major advances in various areas of quantum computing. The success of the KQCBW is now being continued and the unique quantum computing ecosystem in the state is being further expanded.<\/span><\/p>\t\t\t\t\t\t\t\t<\/div>\n\t\t\t\t<\/div>\n\t\t\t\t<div class=\"elementor-element elementor-element-ff6d897 elementor-align-center elementor-widget elementor-widget-button\" data-id=\"ff6d897\" data-element_type=\"widget\" data-e-type=\"widget\" data-widget_type=\"button.default\">\n\t\t\t\t<div class=\"elementor-widget-container\">\n\t\t\t\t\t\t\t\t\t<div class=\"elementor-button-wrapper\">\n\t\t\t\t\t<a class=\"elementor-button elementor-button-link elementor-size-sm\" href=\"https:\/\/www.kqcbw.de\/en\/vorgaengerprojekte\/\" target=\"_blank\">\n\t\t\t\t\t\t<span class=\"elementor-button-content-wrapper\">\n\t\t\t\t\t\t\t\t\t<span class=\"elementor-button-text\">Joint Projects 2020-2024<\/span>\n\t\t\t\t\t<\/span>\n\t\t\t\t\t<\/a>\n\t\t\t\t<\/div>\n\t\t\t\t\t\t\t\t<\/div>\n\t\t\t\t<\/div>\n\t\t\t\t<div class=\"elementor-element elementor-element-7769d04 elementor-widget elementor-widget-spacer\" data-id=\"7769d04\" data-element_type=\"widget\" data-e-type=\"widget\" data-widget_type=\"spacer.default\">\n\t\t\t\t<div class=\"elementor-widget-container\">\n\t\t\t\t\t\t\t<div class=\"elementor-spacer\">\n\t\t\t<div class=\"elementor-spacer-inner\"><\/div>\n\t\t<\/div>\n\t\t\t\t\t\t<\/div>\n\t\t\t\t<\/div>\n\t\t\t\t\t<\/div>\n\t\t<\/div>\n\t\t\t\t\t<\/div>\n\t\t<\/section>\n\t\t\t\t<\/div>","protected":false},"excerpt":{"rendered":"<p>Im KQCBW b\u00fcndeln mehrere Fraunhofer-Institute und Forschungspartner aus Politik, Wissenschaft und Wirtschaft ihre Kompetenzen f\u00fcr die Entwicklung und Anwendung von Quantencomputern f\u00fcr Forschung, Ausbildung, Entwicklung, Dienstleistung und Produktion. Dabei adressieren sie die in Baden-W\u00fcrttemberg besonders wichtigen Branchen Informationstechnik, Medizintechnik, Chemie, Finanzwesen, Maschinenbau, Produktion, Automobil und Logistik. Das KQCBW bringt sich zudem als Teil der Gesch\u00e4ftsstelle &hellip; <\/p>\n<p class=\"link-more\"><a href=\"https:\/\/www.kqcbw.de\/en\/\" class=\"more-link\">Read more<span class=\"screen-reader-text\"> &#8222;\u00dcber das Projekt&#8220;<\/span><\/a><\/p>","protected":false},"author":2,"featured_media":10063,"parent":0,"menu_order":0,"comment_status":"closed","ping_status":"closed","template":"elementor_theme","meta":{"footnotes":""},"class_list":["post-2196","page","type-page","status-publish","has-post-thumbnail","hentry"],"featured_media_urls":{"thumbnail":["https:\/\/www.kqcbw.de\/wp-content\/uploads\/2025\/08\/cropped-Web_2000x1200-150x150.jpg",150,150,true],"medium":["https:\/\/www.kqcbw.de\/wp-content\/uploads\/2025\/08\/cropped-Web_2000x1200-300x180.jpg",300,180,true],"medium_large":["https:\/\/www.kqcbw.de\/wp-content\/uploads\/2025\/08\/cropped-Web_2000x1200.jpg",768,460,false],"large":["https:\/\/www.kqcbw.de\/wp-content\/uploads\/2025\/08\/cropped-Web_2000x1200-1024x613.jpg",950,569,true],"1536x1536":["https:\/\/www.kqcbw.de\/wp-content\/uploads\/2025\/08\/cropped-Web_2000x1200-1536x920.jpg",1536,920,true],"2048x2048":["https:\/\/www.kqcbw.de\/wp-content\/uploads\/2025\/08\/cropped-Web_2000x1200.jpg",2000,1198,false],"trp-custom-language-flag":["https:\/\/www.kqcbw.de\/wp-content\/uploads\/2025\/08\/cropped-Web_2000x1200-18x12.jpg",18,12,true],"inspiro-featured-image":["https:\/\/www.kqcbw.de\/wp-content\/uploads\/2025\/08\/cropped-Web_2000x1200.jpg",2000,1198,false],"inspiro-loop":["https:\/\/www.kqcbw.de\/wp-content\/uploads\/2025\/08\/cropped-Web_2000x1200-950x320.jpg",950,320,true],"inspiro-loop@2x":["https:\/\/www.kqcbw.de\/wp-content\/uploads\/2025\/08\/cropped-Web_2000x1200-1900x640.jpg",1900,640,true],"portfolio_item-thumbnail":["https:\/\/www.kqcbw.de\/wp-content\/uploads\/2025\/08\/cropped-Web_2000x1200-600x400.jpg",600,400,true],"portfolio_item-thumbnail@2x":["https:\/\/www.kqcbw.de\/wp-content\/uploads\/2025\/08\/cropped-Web_2000x1200-1200x800.jpg",1200,800,true],"portfolio_item-masonry":["https:\/\/www.kqcbw.de\/wp-content\/uploads\/2025\/08\/cropped-Web_2000x1200-600x359.jpg",600,359,true],"portfolio_item-masonry@2x":["https:\/\/www.kqcbw.de\/wp-content\/uploads\/2025\/08\/cropped-Web_2000x1200-1200x719.jpg",1200,719,true],"portfolio_item-thumbnail_cinema":["https:\/\/www.kqcbw.de\/wp-content\/uploads\/2025\/08\/cropped-Web_2000x1200-800x335.jpg",800,335,true],"portfolio_item-thumbnail_portrait":["https:\/\/www.kqcbw.de\/wp-content\/uploads\/2025\/08\/cropped-Web_2000x1200-600x900.jpg",600,900,true],"portfolio_item-thumbnail_portrait@2x":["https:\/\/www.kqcbw.de\/wp-content\/uploads\/2025\/08\/cropped-Web_2000x1200-1200x1198.jpg",1200,1198,true],"portfolio_item-thumbnail_square":["https:\/\/www.kqcbw.de\/wp-content\/uploads\/2025\/08\/cropped-Web_2000x1200-800x800.jpg",800,800,true]},"_links":{"self":[{"href":"https:\/\/www.kqcbw.de\/en\/wp-json\/wp\/v2\/pages\/2196","targetHints":{"allow":["GET"]}}],"collection":[{"href":"https:\/\/www.kqcbw.de\/en\/wp-json\/wp\/v2\/pages"}],"about":[{"href":"https:\/\/www.kqcbw.de\/en\/wp-json\/wp\/v2\/types\/page"}],"author":[{"embeddable":true,"href":"https:\/\/www.kqcbw.de\/en\/wp-json\/wp\/v2\/users\/2"}],"replies":[{"embeddable":true,"href":"https:\/\/www.kqcbw.de\/en\/wp-json\/wp\/v2\/comments?post=2196"}],"version-history":[{"count":334,"href":"https:\/\/www.kqcbw.de\/en\/wp-json\/wp\/v2\/pages\/2196\/revisions"}],"predecessor-version":[{"id":10574,"href":"https:\/\/www.kqcbw.de\/en\/wp-json\/wp\/v2\/pages\/2196\/revisions\/10574"}],"wp:featuredmedia":[{"embeddable":true,"href":"https:\/\/www.kqcbw.de\/en\/wp-json\/wp\/v2\/media\/10063"}],"wp:attachment":[{"href":"https:\/\/www.kqcbw.de\/en\/wp-json\/wp\/v2\/media?parent=2196"}],"curies":[{"name":"wp","href":"https:\/\/api.w.org\/{rel}","templated":true}]}}