{"id":5470,"date":"2024-05-17T14:38:17","date_gmt":"2024-05-17T12:38:17","guid":{"rendered":"https:\/\/www.sequoia-iao.de\/?page_id=5470"},"modified":"2025-09-01T14:32:59","modified_gmt":"2025-09-01T12:32:59","slug":"szenariobasierte-routenplanung","status":"publish","type":"page","link":"https:\/\/www.kqcbw.de\/en\/szenariobasierte-routenplanung\/","title":{"rendered":"Scenario-based Route Planning"},"content":{"rendered":"<div data-elementor-type=\"wp-page\" data-elementor-id=\"5470\" class=\"elementor elementor-5470\" data-elementor-post-type=\"page\">\n\t\t\t\t\t\t<section class=\"elementor-section elementor-top-section elementor-element elementor-element-020293c elementor-section-boxed elementor-section-height-default elementor-section-height-default\" data-id=\"020293c\" data-element_type=\"section\" data-e-type=\"section\">\n\t\t\t\t\t\t<div class=\"elementor-container elementor-column-gap-default\">\n\t\t\t\t\t<div class=\"elementor-column elementor-col-100 elementor-top-column elementor-element elementor-element-8e78fd5\" data-id=\"8e78fd5\" data-element_type=\"column\" data-e-type=\"column\">\n\t\t\t<div class=\"elementor-widget-wrap elementor-element-populated\">\n\t\t\t\t\t\t<div class=\"elementor-element elementor-element-c8e3371 elementor-widget elementor-widget-heading\" data-id=\"c8e3371\" data-element_type=\"widget\" data-e-type=\"widget\" data-widget_type=\"heading.default\">\n\t\t\t\t<div class=\"elementor-widget-container\">\n\t\t\t\t\t<h2 class=\"elementor-heading-title elementor-size-default\">Scenario-based Route Planning<\/h2>\t\t\t\t<\/div>\n\t\t\t\t<\/div>\n\t\t\t\t\t<\/div>\n\t\t<\/div>\n\t\t\t\t\t<\/div>\n\t\t<\/section>\n\t\t\t\t<section class=\"elementor-section elementor-top-section elementor-element elementor-element-e9f9613 elementor-section-boxed elementor-section-height-default elementor-section-height-default\" data-id=\"e9f9613\" data-element_type=\"section\" data-e-type=\"section\">\n\t\t\t\t\t\t<div class=\"elementor-container elementor-column-gap-default\">\n\t\t\t\t\t<div class=\"elementor-column elementor-col-100 elementor-top-column elementor-element elementor-element-1f9c458\" data-id=\"1f9c458\" data-element_type=\"column\" data-e-type=\"column\">\n\t\t\t<div class=\"elementor-widget-wrap elementor-element-populated\">\n\t\t\t\t\t\t<div class=\"elementor-element elementor-element-fa98513 elementor-cta--skin-classic elementor-animated-content elementor-bg-transform elementor-bg-transform-zoom-in elementor-widget elementor-widget-call-to-action\" data-id=\"fa98513\" data-element_type=\"widget\" data-e-type=\"widget\" data-widget_type=\"call-to-action.default\">\n\t\t\t\t<div class=\"elementor-widget-container\">\n\t\t\t\t\t\t\t<div class=\"elementor-cta\">\n\t\t\t\t\t\t\t<div class=\"elementor-cta__content\">\n\t\t\t\t\t\t\t\t\t<div class=\"elementor-content-item elementor-cta__content-item elementor-icon-wrapper elementor-cta__icon elementor-view-default\">\n\t\t\t\t\t\t<div class=\"elementor-icon\">\n\t\t\t\t\t\t\t<svg xmlns=\"http:\/\/www.w3.org\/2000\/svg\" viewbox=\"0 0 380 380\"><defs><style>.cls-1{fill:#e24329;}.cls-2{fill:#fc6d26;}.cls-3{fill:#fca326;}<\/style><\/defs><g id=\"LOGO\"><path class=\"cls-1\" d=\"M282.83,170.73l-.27-.69-26.14-68.22a6.81,6.81,0,0,0-2.69-3.24,7,7,0,0,0-8,.43,7,7,0,0,0-2.32,3.52l-17.65,54H154.29l-17.65-54A6.86,6.86,0,0,0,134.32,99a7,7,0,0,0-8-.43,6.87,6.87,0,0,0-2.69,3.24L97.44,170l-.26.69a48.54,48.54,0,0,0,16.1,56.1l.09.07.24.17,39.82,29.82,19.7,14.91,12,9.06a8.07,8.07,0,0,0,9.76,0l12-9.06,19.7-14.91,40.06-30,.1-.08A48.56,48.56,0,0,0,282.83,170.73Z\"><\/path><path class=\"cls-2\" d=\"M282.83,170.73l-.27-.69a88.3,88.3,0,0,0-35.15,15.8L190,229.25c19.55,14.79,36.57,27.64,36.57,27.64l40.06-30,.1-.08A48.56,48.56,0,0,0,282.83,170.73Z\"><\/path><path class=\"cls-3\" d=\"M153.43,256.89l19.7,14.91,12,9.06a8.07,8.07,0,0,0,9.76,0l12-9.06,19.7-14.91S209.55,244,190,229.25C170.45,244,153.43,256.89,153.43,256.89Z\"><\/path><path class=\"cls-2\" d=\"M132.58,185.84A88.19,88.19,0,0,0,97.44,170l-.26.69a48.54,48.54,0,0,0,16.1,56.1l.09.07.24.17,39.82,29.82s17-12.85,36.57-27.64Z\"><\/path><\/g><\/svg>\t\t\t\t\t\t<\/div>\n\t\t\t\t\t<\/div>\n\t\t\t\t\n\t\t\t\t\t\t\t\t\t<h3 class=\"elementor-cta__title elementor-cta__content-item elementor-content-item\">\n\t\t\t\t\t\tAccelerating TSP approximation through problem encoding optimization\t\t\t\t\t<\/h3>\n\t\t\t\t\n\t\t\t\t\t\t\t\t\t<h5 class=\"elementor-cta__description elementor-cta__content-item elementor-content-item\">\n\t\t\t\t\t\tUniversity of T\u00fcbingen\t\t\t\t\t<\/h5>\n\t\t\t\t\n\t\t\t\t\t\t\t<\/div>\n\t\t\t\t\t\t<\/div>\n\t\t\t\t\t\t<\/div>\n\t\t\t\t<\/div>\n\t\t\t\t<div class=\"elementor-element elementor-element-77c2ad5 elementor-widget elementor-widget-text-editor\" data-id=\"77c2ad5\" data-element_type=\"widget\" data-e-type=\"widget\" data-settings=\"{&quot;_animation&quot;:&quot;none&quot;}\" data-widget_type=\"text-editor.default\">\n\t\t\t\t<div class=\"elementor-widget-container\">\n\t\t\t\t\t\t\t\t\t<p><span style=\"color: #ffffff;\">In der ersten Projektphase von SEQUOIA haben wir einen Algorithmus entwickelt, der Instanzen von kombinatorischen Optimierungsproblemen in mehrere kleine Unterinstanzen gleicher Gr\u00f6\u00dfe zerlegt. Die selektive L\u00f6sung einiger dieser Teilprobleme und die Kombination ihrer L\u00f6sungen ergibt eine L\u00f6sung f\u00fcr die urspr\u00fcngliche Problemstellung. Dieser Ansatz wurde durch die begrenzte Anzahl von Qubits der derzeit verf\u00fcgbaren Quantenhardware motiviert.<\/span><br \/><span style=\"color: #ffffff;\">In SEQUOIA End-to-End besch\u00e4ftigten wir uns mit der Methode zur L\u00f6sung der generierten Teilprobleme. In der ersten Projektphase haben wir zur L\u00f6sung der Teilprobleme QAOA so implementiert, wie es in Forschungsarbeiten beschrieben ist. Wir stellten jedoch M\u00e4ngel bei der Laufzeit und der L\u00f6sungsqualit\u00e4t fest, die das Gesamtergebnis stark beeintr\u00e4chtigten. Daher beschlossen wir, eine andere Problemkodierung f\u00fcr das TSP zu konstruieren, die es uns erm\u00f6glichen w\u00fcrde, die Problemparameter und -beschr\u00e4nkungen direkter in einem Quantenschaltkreis zu implementieren. Die Kernidee besteht darin, die Abst\u00e4nde zwischen den Punkten direkt zu kodieren, anstatt eine 1-hot-kodierte Reihe von Punkten zu verwenden. Wir stellen unsere Implementierung und die Ergebnisse im Demonstrator vor und vergleichen sie mit dem bisherigen Ansatz.\u00a0<\/span><\/p>\t\t\t\t\t\t\t\t<\/div>\n\t\t\t\t<\/div>\n\t\t\t\t<section class=\"elementor-section elementor-inner-section elementor-element elementor-element-d2cdde4 elementor-section-boxed elementor-section-height-default elementor-section-height-default\" data-id=\"d2cdde4\" data-element_type=\"section\" data-e-type=\"section\">\n\t\t\t\t\t\t<div class=\"elementor-container elementor-column-gap-default\">\n\t\t\t\t\t<div class=\"elementor-column elementor-col-50 elementor-inner-column elementor-element elementor-element-c860cb3\" data-id=\"c860cb3\" data-element_type=\"column\" data-e-type=\"column\">\n\t\t\t<div class=\"elementor-widget-wrap elementor-element-populated\">\n\t\t\t\t\t\t<div class=\"elementor-element elementor-element-79c4fb7 elementor-align-center elementor-widget elementor-widget-button\" data-id=\"79c4fb7\" data-element_type=\"widget\" data-e-type=\"widget\" data-widget_type=\"button.default\">\n\t\t\t\t<div class=\"elementor-widget-container\">\n\t\t\t\t\t\t\t\t\t<div class=\"elementor-button-wrapper\">\n\t\t\t\t\t<a class=\"elementor-button elementor-button-link elementor-size-sm elementor-animation-grow\" href=\"https:\/\/gitlab.cc-asp.fraunhofer.de\/fraunhofer_iao_qc\/sequoia_end-to-end\/accelerating-tsp-approximation\" target=\"_blank\">\n\t\t\t\t\t\t<span class=\"elementor-button-content-wrapper\">\n\t\t\t\t\t\t\t\t\t<span class=\"elementor-button-text\">To the demonstrator in the Fraunhofer GitLab<\/span>\n\t\t\t\t\t<\/span>\n\t\t\t\t\t<\/a>\n\t\t\t\t<\/div>\n\t\t\t\t\t\t\t\t<\/div>\n\t\t\t\t<\/div>\n\t\t\t\t\t<\/div>\n\t\t<\/div>\n\t\t\t\t<div class=\"elementor-column elementor-col-50 elementor-inner-column elementor-element elementor-element-d6e9f77\" data-id=\"d6e9f77\" data-element_type=\"column\" data-e-type=\"column\">\n\t\t\t<div class=\"elementor-widget-wrap elementor-element-populated\">\n\t\t\t\t\t\t<div class=\"elementor-element elementor-element-8487de2 elementor-align-center elementor-widget elementor-widget-button\" data-id=\"8487de2\" data-element_type=\"widget\" data-e-type=\"widget\" data-widget_type=\"button.default\">\n\t\t\t\t<div class=\"elementor-widget-container\">\n\t\t\t\t\t\t\t\t\t<div class=\"elementor-button-wrapper\">\n\t\t\t\t\t<a class=\"elementor-button elementor-button-link elementor-size-sm elementor-animation-grow\" href=\"https:\/\/mybinder.org\/v2\/git\/https%3A%2F%2Fgitlab.cc-asp.fraunhofer.de%2Ffraunhofer_iao_qc%2Fsequoia_end-to-end%2Faccelerating-tsp-approximation\/HEAD\" target=\"_blank\">\n\t\t\t\t\t\t<span class=\"elementor-button-content-wrapper\">\n\t\t\t\t\t\t\t\t\t<span class=\"elementor-button-text\">To the interactive Jupyter Notebook<\/span>\n\t\t\t\t\t<\/span>\n\t\t\t\t\t<\/a>\n\t\t\t\t<\/div>\n\t\t\t\t\t\t\t\t<\/div>\n\t\t\t\t<\/div>\n\t\t\t\t\t<\/div>\n\t\t<\/div>\n\t\t\t\t\t<\/div>\n\t\t<\/section>\n\t\t\t\t<div class=\"elementor-element elementor-element-f745f04 elementor-widget elementor-widget-spacer\" data-id=\"f745f04\" data-element_type=\"widget\" data-e-type=\"widget\" data-widget_type=\"spacer.default\">\n\t\t\t\t<div class=\"elementor-widget-container\">\n\t\t\t\t\t\t\t<div class=\"elementor-spacer\">\n\t\t\t<div class=\"elementor-spacer-inner\"><\/div>\n\t\t<\/div>\n\t\t\t\t\t\t<\/div>\n\t\t\t\t<\/div>\n\t\t\t\t<div class=\"elementor-element elementor-element-b7f12dd elementor-cta--skin-classic elementor-animated-content elementor-bg-transform elementor-bg-transform-zoom-in elementor-widget elementor-widget-call-to-action\" data-id=\"b7f12dd\" data-element_type=\"widget\" data-e-type=\"widget\" data-widget_type=\"call-to-action.default\">\n\t\t\t\t<div class=\"elementor-widget-container\">\n\t\t\t\t\t\t\t<div class=\"elementor-cta\">\n\t\t\t\t\t\t\t<div class=\"elementor-cta__content\">\n\t\t\t\t\t\t\t\t\t<div class=\"elementor-content-item elementor-cta__content-item elementor-icon-wrapper elementor-cta__icon elementor-view-default\">\n\t\t\t\t\t\t<div class=\"elementor-icon\">\n\t\t\t\t\t\t\t<svg xmlns=\"http:\/\/www.w3.org\/2000\/svg\" viewbox=\"0 0 380 380\"><defs><style>.cls-1{fill:#e24329;}.cls-2{fill:#fc6d26;}.cls-3{fill:#fca326;}<\/style><\/defs><g id=\"LOGO\"><path class=\"cls-1\" d=\"M282.83,170.73l-.27-.69-26.14-68.22a6.81,6.81,0,0,0-2.69-3.24,7,7,0,0,0-8,.43,7,7,0,0,0-2.32,3.52l-17.65,54H154.29l-17.65-54A6.86,6.86,0,0,0,134.32,99a7,7,0,0,0-8-.43,6.87,6.87,0,0,0-2.69,3.24L97.44,170l-.26.69a48.54,48.54,0,0,0,16.1,56.1l.09.07.24.17,39.82,29.82,19.7,14.91,12,9.06a8.07,8.07,0,0,0,9.76,0l12-9.06,19.7-14.91,40.06-30,.1-.08A48.56,48.56,0,0,0,282.83,170.73Z\"><\/path><path class=\"cls-2\" d=\"M282.83,170.73l-.27-.69a88.3,88.3,0,0,0-35.15,15.8L190,229.25c19.55,14.79,36.57,27.64,36.57,27.64l40.06-30,.1-.08A48.56,48.56,0,0,0,282.83,170.73Z\"><\/path><path class=\"cls-3\" d=\"M153.43,256.89l19.7,14.91,12,9.06a8.07,8.07,0,0,0,9.76,0l12-9.06,19.7-14.91S209.55,244,190,229.25C170.45,244,153.43,256.89,153.43,256.89Z\"><\/path><path class=\"cls-2\" d=\"M132.58,185.84A88.19,88.19,0,0,0,97.44,170l-.26.69a48.54,48.54,0,0,0,16.1,56.1l.09.07.24.17,39.82,29.82s17-12.85,36.57-27.64Z\"><\/path><\/g><\/svg>\t\t\t\t\t\t<\/div>\n\t\t\t\t\t<\/div>\n\t\t\t\t\n\t\t\t\t\t\t\t\t\t<h3 class=\"elementor-cta__title elementor-cta__content-item elementor-content-item\">\n\t\t\t\t\t\tScenario-based route planning to safeguard automotive driving functions (TSP\/ORP)\t\t\t\t\t<\/h3>\n\t\t\t\t\n\t\t\t\t\t\t\t\t\t<h5 class=\"elementor-cta__description elementor-cta__content-item elementor-content-item\">\n\t\t\t\t\t\tFZI Research Center for Information Technology\t\t\t\t\t<\/h5>\n\t\t\t\t\n\t\t\t\t\t\t\t<\/div>\n\t\t\t\t\t\t\t<div class=\"elementor-ribbon\">\n\t\t\t\t<div class=\"elementor-ribbon-inner\">\n\t\t\t\t\tneu\t\t\t\t<\/div>\n\t\t\t<\/div>\n\t\t\t\t<\/div>\n\t\t\t\t\t\t<\/div>\n\t\t\t\t<\/div>\n\t\t\t\t<div class=\"elementor-element elementor-element-21d592c elementor-widget elementor-widget-text-editor\" data-id=\"21d592c\" data-element_type=\"widget\" data-e-type=\"widget\" data-widget_type=\"text-editor.default\">\n\t\t\t\t<div class=\"elementor-widget-container\">\n\t\t\t\t\t\t\t\t\t<p class=\"translation-block\">The demonstrator shows two different modeling approaches and corresponding implementation for scenario-based route planning. The first approach is based on a QAOA implementation created as part of the project for the\u00a0\"Traveling Salesperson Problem\". In addition, an algorithm for partitioning the TSP developed in the course of the project will be demonstrated. The algorithm, which is based on A*, splits large TSP instances into several smaller ones so that they can be solved on the quantum computer. This approach is hybrid, whereby the partitioning takes place on a classical computer and only the difficult combinatorial\u00a0\u00bbcore\u00ab\u00a0of the problem is solved on a quantum computer. Our QAOA implementation is embedded into this algorithm and can alternatively be exchanged with classical solver for comparison. In order to guide the choices of our method on which subinstanced to generate, several heuristics have been developed. This includes notably a small neural network that can estimate the expected length of a TSP instance.\u00a0The second approach models the problem as an orienteering problem rather than the usual TSP. The orienteering problem is a combination of TSP and knapsack problem. In this approach, we show how this different kind of modeling affects the implementation and the complexity of the underlying optimization problem.\u00a0<\/p>\t\t\t\t\t\t\t\t<\/div>\n\t\t\t\t<\/div>\n\t\t\t\t<section class=\"elementor-section elementor-inner-section elementor-element elementor-element-c5e2818 elementor-section-boxed elementor-section-height-default elementor-section-height-default\" data-id=\"c5e2818\" data-element_type=\"section\" data-e-type=\"section\">\n\t\t\t\t\t\t<div class=\"elementor-container elementor-column-gap-default\">\n\t\t\t\t\t<div class=\"elementor-column elementor-col-50 elementor-inner-column elementor-element elementor-element-e8c1981\" data-id=\"e8c1981\" data-element_type=\"column\" data-e-type=\"column\">\n\t\t\t<div class=\"elementor-widget-wrap elementor-element-populated\">\n\t\t\t\t\t\t<div class=\"elementor-element elementor-element-287e481 elementor-align-center elementor-widget elementor-widget-button\" data-id=\"287e481\" data-element_type=\"widget\" data-e-type=\"widget\" data-widget_type=\"button.default\">\n\t\t\t\t<div class=\"elementor-widget-container\">\n\t\t\t\t\t\t\t\t\t<div class=\"elementor-button-wrapper\">\n\t\t\t\t\t<a class=\"elementor-button elementor-button-link elementor-size-sm elementor-animation-grow\" href=\"https:\/\/gitlab.cc-asp.fraunhofer.de\/fraunhofer_iao_qc\/sequoia_end-to-end\/scenario-based-route-planning-to-safeguard-automotive-driving-functions\" target=\"_blank\">\n\t\t\t\t\t\t<span class=\"elementor-button-content-wrapper\">\n\t\t\t\t\t\t\t\t\t<span class=\"elementor-button-text\">To the demonstrator in the Fraunhofer GitLab<\/span>\n\t\t\t\t\t<\/span>\n\t\t\t\t\t<\/a>\n\t\t\t\t<\/div>\n\t\t\t\t\t\t\t\t<\/div>\n\t\t\t\t<\/div>\n\t\t\t\t\t<\/div>\n\t\t<\/div>\n\t\t\t\t<div class=\"elementor-column elementor-col-50 elementor-inner-column elementor-element elementor-element-624d73e\" data-id=\"624d73e\" data-element_type=\"column\" data-e-type=\"column\">\n\t\t\t<div class=\"elementor-widget-wrap elementor-element-populated\">\n\t\t\t\t\t\t<div class=\"elementor-element elementor-element-15d0806 elementor-align-center elementor-widget elementor-widget-button\" data-id=\"15d0806\" data-element_type=\"widget\" data-e-type=\"widget\" data-widget_type=\"button.default\">\n\t\t\t\t<div class=\"elementor-widget-container\">\n\t\t\t\t\t\t\t\t\t<div class=\"elementor-button-wrapper\">\n\t\t\t\t\t<a class=\"elementor-button elementor-button-link elementor-size-sm elementor-animation-grow\" href=\"https:\/\/mybinder.org\/v2\/git\/https%3A%2F%2Fgitlab.cc-asp.fraunhofer.de%2Ffraunhofer_iao_qc%2Fsequoia_end-to-end%2Fscenario-based-route-planning-to-safeguard-automotive-driving-functions\/HEAD\" target=\"_blank\">\n\t\t\t\t\t\t<span class=\"elementor-button-content-wrapper\">\n\t\t\t\t\t\t\t\t\t<span class=\"elementor-button-text\">To the interactive Jupyter Notebook<\/span>\n\t\t\t\t\t<\/span>\n\t\t\t\t\t<\/a>\n\t\t\t\t<\/div>\n\t\t\t\t\t\t\t\t<\/div>\n\t\t\t\t<\/div>\n\t\t\t\t\t<\/div>\n\t\t<\/div>\n\t\t\t\t\t<\/div>\n\t\t<\/section>\n\t\t\t\t\t<\/div>\n\t\t<\/div>\n\t\t\t\t\t<\/div>\n\t\t<\/section>\n\t\t\t\t<section class=\"elementor-section elementor-top-section elementor-element elementor-element-fe3a223 elementor-section-boxed elementor-section-height-default elementor-section-height-default\" data-id=\"fe3a223\" data-element_type=\"section\" data-e-type=\"section\">\n\t\t\t\t\t\t<div class=\"elementor-container elementor-column-gap-default\">\n\t\t\t\t\t<div class=\"elementor-column elementor-col-100 elementor-top-column elementor-element elementor-element-acfdfce\" data-id=\"acfdfce\" data-element_type=\"column\" data-e-type=\"column\">\n\t\t\t<div class=\"elementor-widget-wrap elementor-element-populated\">\n\t\t\t\t\t\t<div class=\"elementor-element elementor-element-5f17bf1 elementor-widget elementor-widget-text-editor\" data-id=\"5f17bf1\" data-element_type=\"widget\" data-e-type=\"widget\" data-widget_type=\"text-editor.default\">\n\t\t\t\t<div class=\"elementor-widget-container\">\n\t\t\t\t\t\t\t\t\t<h4>Disclaimer<\/h4><p>The interactive demonstrator notebooks have been licensed under the Apache licence (version 2.0). The files may only be used in accordance with the licence. A copy of the licence can be downloaded from <a href=\"https:\/\/www.apache.org\/licenses\/LICENSE-2.0\" target=\"_blank\" rel=\"noopener\">http:\/\/www.apache.org\/licenses\/LICENSE-2.0<\/a> Except as required by applicable law or agreed to in writing, software distributed under this licence is distributed on an \"AS IS\" basis, without warranties or conditions of any kind, either express or implied. See the licence for the specific rights and restrictions associated with it.<br \/>This is a research prototype. Liability for loss of profit, loss of production, business interruption, loss of use, loss of data and information, financing costs and other financial and consequential damage is excluded, except in cases of gross negligence, intent and personal injury.<\/p>\t\t\t\t\t\t\t\t<\/div>\n\t\t\t\t<\/div>\n\t\t\t\t\t<\/div>\n\t\t<\/div>\n\t\t\t\t\t<\/div>\n\t\t<\/section>\n\t\t\t\t<\/div>","protected":false},"excerpt":{"rendered":"<p>Szenariobasierte Routenplanung Beschleunigte TSP-Approximation durch Optimierung der Problemcodierung Eberhard Karls Universit\u00e4t T\u00fcbingen In der ersten Projektphase von SEQUOIA haben wir einen Algorithmus entwickelt, der Instanzen von kombinatorischen Optimierungsproblemen in mehrere kleine Unterinstanzen gleicher Gr\u00f6\u00dfe zerlegt. Die selektive L\u00f6sung einiger dieser Teilprobleme und die Kombination ihrer L\u00f6sungen ergibt eine L\u00f6sung f\u00fcr die urspr\u00fcngliche Problemstellung. Dieser Ansatz &hellip; <\/p>\n<p class=\"link-more\"><a href=\"https:\/\/www.kqcbw.de\/en\/szenariobasierte-routenplanung\/\" class=\"more-link\">Read more<span class=\"screen-reader-text\"> &#8222;Szenariobasierte Routenplanung&#8220;<\/span><\/a><\/p>","protected":false},"author":2,"featured_media":9842,"parent":0,"menu_order":0,"comment_status":"closed","ping_status":"closed","template":"","meta":{"footnotes":""},"class_list":["post-5470","page","type-page","status-publish","has-post-thumbnail","hentry"],"featured_media_urls":{"thumbnail":["https:\/\/www.kqcbw.de\/wp-content\/uploads\/2025\/08\/Banner-Wide_ohne_Schrift-150x150.jpg",150,150,true],"medium":["https:\/\/www.kqcbw.de\/wp-content\/uploads\/2025\/08\/Banner-Wide_ohne_Schrift-300x117.jpg",300,117,true],"medium_large":["https:\/\/www.kqcbw.de\/wp-content\/uploads\/2025\/08\/Banner-Wide_ohne_Schrift-scaled.jpg",768,301,false],"large":["https:\/\/www.kqcbw.de\/wp-content\/uploads\/2025\/08\/Banner-Wide_ohne_Schrift-1024x401.jpg",950,372,true],"1536x1536":["https:\/\/www.kqcbw.de\/wp-content\/uploads\/2025\/08\/Banner-Wide_ohne_Schrift-scaled-1536x602.jpg",1536,602,true],"2048x2048":["https:\/\/www.kqcbw.de\/wp-content\/uploads\/2025\/08\/Banner-Wide_ohne_Schrift-scaled-2048x802.jpg",2048,802,true],"trp-custom-language-flag":["https:\/\/www.kqcbw.de\/wp-content\/uploads\/2025\/08\/Banner-Wide_ohne_Schrift-scaled-18x7.jpg",18,7,true],"inspiro-featured-image":["https:\/\/www.kqcbw.de\/wp-content\/uploads\/2025\/08\/Banner-Wide_ohne_Schrift-2000x783.jpg",2000,783,true],"inspiro-loop":["https:\/\/www.kqcbw.de\/wp-content\/uploads\/2025\/08\/Banner-Wide_ohne_Schrift-950x320.jpg",950,320,true],"inspiro-loop@2x":["https:\/\/www.kqcbw.de\/wp-content\/uploads\/2025\/08\/Banner-Wide_ohne_Schrift-1900x640.jpg",1900,640,true],"portfolio_item-thumbnail":["https:\/\/www.kqcbw.de\/wp-content\/uploads\/2025\/08\/Banner-Wide_ohne_Schrift-scaled-600x400.jpg",600,400,true],"portfolio_item-thumbnail@2x":["https:\/\/www.kqcbw.de\/wp-content\/uploads\/2025\/08\/Banner-Wide_ohne_Schrift-scaled-1200x800.jpg",1200,800,true],"portfolio_item-masonry":["https:\/\/www.kqcbw.de\/wp-content\/uploads\/2025\/08\/Banner-Wide_ohne_Schrift-scaled-600x235.jpg",600,235,true],"portfolio_item-masonry@2x":["https:\/\/www.kqcbw.de\/wp-content\/uploads\/2025\/08\/Banner-Wide_ohne_Schrift-scaled-1200x470.jpg",1200,470,true],"portfolio_item-thumbnail_cinema":["https:\/\/www.kqcbw.de\/wp-content\/uploads\/2025\/08\/Banner-Wide_ohne_Schrift-scaled-800x335.jpg",800,335,true],"portfolio_item-thumbnail_portrait":["https:\/\/www.kqcbw.de\/wp-content\/uploads\/2025\/08\/Banner-Wide_ohne_Schrift-scaled-600x900.jpg",600,900,true],"portfolio_item-thumbnail_portrait@2x":["https:\/\/www.kqcbw.de\/wp-content\/uploads\/2025\/08\/Banner-Wide_ohne_Schrift-scaled-1200x1003.jpg",1200,1003,true],"portfolio_item-thumbnail_square":["https:\/\/www.kqcbw.de\/wp-content\/uploads\/2025\/08\/Banner-Wide_ohne_Schrift-scaled-800x800.jpg",800,800,true]},"_links":{"self":[{"href":"https:\/\/www.kqcbw.de\/en\/wp-json\/wp\/v2\/pages\/5470","targetHints":{"allow":["GET"]}}],"collection":[{"href":"https:\/\/www.kqcbw.de\/en\/wp-json\/wp\/v2\/pages"}],"about":[{"href":"https:\/\/www.kqcbw.de\/en\/wp-json\/wp\/v2\/types\/page"}],"author":[{"embeddable":true,"href":"https:\/\/www.kqcbw.de\/en\/wp-json\/wp\/v2\/users\/2"}],"replies":[{"embeddable":true,"href":"https:\/\/www.kqcbw.de\/en\/wp-json\/wp\/v2\/comments?post=5470"}],"version-history":[{"count":37,"href":"https:\/\/www.kqcbw.de\/en\/wp-json\/wp\/v2\/pages\/5470\/revisions"}],"predecessor-version":[{"id":10204,"href":"https:\/\/www.kqcbw.de\/en\/wp-json\/wp\/v2\/pages\/5470\/revisions\/10204"}],"wp:featuredmedia":[{"embeddable":true,"href":"https:\/\/www.kqcbw.de\/en\/wp-json\/wp\/v2\/media\/9842"}],"wp:attachment":[{"href":"https:\/\/www.kqcbw.de\/en\/wp-json\/wp\/v2\/media?parent=5470"}],"curies":[{"name":"wp","href":"https:\/\/api.w.org\/{rel}","templated":true}]}}